{"id":86,"date":"2017-09-05T18:22:32","date_gmt":"2017-09-05T16:22:32","guid":{"rendered":"http:\/\/anges-de-lotus.com\/?page_id=86"},"modified":"2021-10-19T12:21:44","modified_gmt":"2021-10-19T10:21:44","slug":"mes-formations","status":"publish","type":"page","link":"https:\/\/anges-de-lotus.com\/index.php\/mes-formations\/","title":{"rendered":"Qui suis-je"},"content":{"rendered":"<p>[et_pb_section fb_built=\u00a0\u00bb1&Prime; admin_label=\u00a0\u00bbAbout Me\u00a0\u00bb _builder_version=\u00a0\u00bb3.22&Prime; custom_padding=\u00a0\u00bb54px|0px|0|0px|false|false\u00a0\u00bb locked=\u00a0\u00bboff\u00a0\u00bb][et_pb_row use_custom_gutter=\u00a0\u00bbon\u00a0\u00bb custom_padding=\u00a0\u00bb0px|0px|0|0px|false|false\u00a0\u00bb custom_margin=\u00a0\u00bb|0px||\u00a0\u00bb background_color_2=\u00a0\u00bb#f7f9fc\u00a0\u00bb padding_top_bottom_link_2=\u00a0\u00bbtrue\u00a0\u00bb padding_left_right_link_2=\u00a0\u00bbtrue\u00a0\u00bb padding_top_2=\u00a0\u00bb40px\u00a0\u00bb padding_right_2=\u00a0\u00bb60px\u00a0\u00bb padding_bottom_2=\u00a0\u00bb40px\u00a0\u00bb padding_left_2=\u00a0\u00bb60px\u00a0\u00bb padding_2_phone=\u00a0\u00bb|40px||40px||true\u00a0\u00bb padding_2_last_edited=\u00a0\u00bbon|phone\u00a0\u00bb _builder_version=\u00a0\u00bb3.22&Prime; custom_margin_tablet=\u00a0\u00bb|10%||10%||true\u00a0\u00bb custom_margin_last_edited=\u00a0\u00bbon|tablet\u00a0\u00bb use_custom_width=\u00a0\u00bbon\u00a0\u00bb width_unit=\u00a0\u00bboff\u00a0\u00bb][et_pb_column type=\u00a0\u00bb4_4&Prime; _builder_version=\u00a0\u00bb3.10&Prime;][et_pb_text _builder_version=\u00a0\u00bb3.22.2&Prime; text_font=\u00a0\u00bb||||||||\u00a0\u00bb text_font_size=\u00a0\u00bb16px\u00a0\u00bb text_line_height=\u00a0\u00bb2em\u00a0\u00bb header_font=\u00a0\u00bb||||||||\u00a0\u00bb header_2_font=\u00a0\u00bbMontserrat|300|||||||\u00a0\u00bb header_2_font_size=\u00a0\u00bb40px\u00a0\u00bb header_2_font_size_phone=\u00a0\u00bb30px\u00a0\u00bb header_2_font_size_last_edited=\u00a0\u00bbon|phone\u00a0\u00bb header_2_line_height=\u00a0\u00bb1.4em\u00a0\u00bb header_5_font=\u00a0\u00bb||||||||\u00a0\u00bb header_5_text_color=\u00a0\u00bb#7f8dff\u00a0\u00bb header_5_line_height=\u00a0\u00bb2em\u00a0\u00bb max_width=\u00a0\u00bb700px\u00a0\u00bb custom_padding=\u00a0\u00bb|0px||||\u00a0\u00bb locked=\u00a0\u00bboff\u00a0\u00bb]<\/p>\n<h2><\/h2>\n<h2 style=\"text-align: center;\"><\/h2>\n<h2 style=\"text-align: center;\">Qui suis-je ?<\/h2>\n<p>&nbsp;<\/p>\n<p>Bonjour, \u00a0je m\u2019appelle Richella VIRAPIN, j\u2019ai 54 ans. De l&rsquo;\u00eele de la R\u00e9union, la puissance de cette terre de m\u00e9lange et de saveurs, \u00e0 Paris, la d\u00e9couverte d&rsquo;un autre univers, le destin \u00e9tait en marche. De la comptabilit\u00e9 avec toute sa rigueur, j&rsquo;\u00e9volue aujourd&rsquo;hui dans une joie immense aupr\u00e8s des enfants ayant des handicaps ou en difficult\u00e9s. A travers des rencontres, des professeurs et pas des moindres avec leur richesse et leur savoir, des lectures, un cheminement spirituel, une introspection, ma vision int\u00e9rieure a chang\u00e9 et ceci a transform\u00e9 ma vie personnelle. Par la suite j\u2019ai explor\u00e9 et exp\u00e9riment\u00e9 diff\u00e9rentes techniques de d\u00e9veloppement personnel \u00e0 travers la m\u00e9ditation, la pri\u00e8re, et l\u2019art. Apr\u00e8s une formation de Praticienne Reiki aupr\u00e8s de Shivabai Ebroussard, suivie d\u2019une autre formation de Praticienne en Soins Ang\u00e9liques aupr\u00e8s de Kathryn Hudson. J\u2019ai effectu\u00e9 une formation d&rsquo; Art \u2013Th\u00e9rapie Evolutive et Psycho praticienne \u00e0 l\u2019Ecole Pl\u00e9nitude aupr\u00e8s de Marie-Odile et Alain Br\u00e9thes . Apr\u00e8s diff\u00e9rents stages de dessin et peinture, et un \u00e9veil de conscience, ma passion de cr\u00e9er et d\u2019\u00e9crire s\u2019est d\u00e9velopp\u00e9e.\u00a0 J\u2019ai donc cr\u00e9\u00e9 en 2018 un oracle de d\u00e9veloppement personnel, et un livret de pri\u00e8res. Et d\u2019autres projets d\u2019\u00e9criture sont dans ma malle aux tr\u00e9sors\u2026 D\u00e9vou\u00e9e dans ma mission de vie, dans la pr\u00e9sence des Anges et des Archanges, dans l&rsquo;apprentissage de l&rsquo;amour inconditionnel, ce blog est devenu comme \u00e9vidence pour des liens.<\/p>\n<p><span style=\"color: #0a0000; font-size: large; letter-spacing: 0.5px; text-transform: uppercase;\">\u00ab\u00a0La vie m&rsquo;a donn\u00e9 de vivre des exp\u00e9riences, la vie dans sa g\u00e9n\u00e9rosit\u00e9 et sa grandeur m a donn\u00e9e de grandes le\u00e7ons et de belles rencontres.\u00a0\u00bb<\/span><\/p>\n<p>&nbsp;<\/p>\n<p><span style=\"color: #0a0000; font-family: Montserrat, Helvetica, Arial, Lucida, sans-serif; font-size: 40px; font-weight: 300; letter-spacing: 0.5px; text-transform: uppercase;\">MON PARCOuRS<\/span><\/p>\n<p><span class=\"x_s1\">Mon parcours \u00a0: \u00a0Art Th\u00e9rapie, Praticienne Reiki, Praticienne en Harmonisation \u00e9nerg\u00e9tique avec les Archanges;\u00a0<\/span>Avec d&rsquo;autres outils en compl\u00e9ment comme la num\u00e9rologie, la r\u00e9flexologie, les tirages de cartes oracles.<\/p>\n<p>Mes centres d&rsquo;int\u00e9r\u00eats : l&rsquo;\u00e9criture, l&rsquo;art, les groupes de parole, la pri\u00e8re, la m\u00e9ditation, la peinture, la psychologie, le gi gong, et le yoga.<\/p>\n<p>Je remercie mon fils, mes petits enfants, toute ma famille et tous les \u00eatres chers qui m&rsquo;entourent, pour leur amour, leur pr\u00e9sence, et toute l&rsquo; abondance en ma vie. \u00a0Puisse la cr\u00e9ativit\u00e9 \u00eatre l&rsquo;ancrage dans nos \u00e9changes !<\/p>\n<p>\u00ab\u00a0Mettez votre coeur, votre esprit et votre \u00e2me dans vos moindres actes. C&rsquo;est le secret de la r\u00e9ussite.\u00a0\u00bb (Swami Sivananda)<\/p>\n<p>&nbsp;<\/p>\n<p>[\/et_pb_text][\/et_pb_column][\/et_pb_row][\/et_pb_section][et_pb_section fb_built=\u00a0\u00bb1&Prime; _builder_version=\u00a0\u00bb3.22&Prime; use_background_color_gradient=\u00a0\u00bbon\u00a0\u00bb background_color_gradient_start=\u00a0\u00bbrgba(255,255,255,0.5)\u00a0\u00bb background_color_gradient_end=\u00a0\u00bb#ffffff\u00a0\u00bb background_color_gradient_overlays_image=\u00a0\u00bbon\u00a0\u00bb background_image=\u00a0\u00bbhttps:\/\/anges-de-lotus.com\/wp-content\/uploads\/2019\/06\/therapist-02.png\u00a0\u00bb custom_margin=\u00a0\u00bb||||false\u00a0\u00bb custom_padding=\u00a0\u00bb14vw||4vw||false|false\u00a0\u00bb locked=\u00a0\u00bboff\u00a0\u00bb][et_pb_row _builder_version=\u00a0\u00bb3.22&Prime; animation_style=\u00a0\u00bbfade\u00a0\u00bb][et_pb_column type=\u00a0\u00bb4_4&Prime; _builder_version=\u00a0\u00bb3.10&Prime;][et_pb_text _builder_version=\u00a0\u00bb3.22.2&Prime; text_font=\u00a0\u00bb||||||||\u00a0\u00bb text_font_size=\u00a0\u00bb18px\u00a0\u00bb text_line_height=\u00a0\u00bb2em\u00a0\u00bb header_font=\u00a0\u00bbMontserrat|300|||||||\u00a0\u00bb header_font_size=\u00a0\u00bb50px\u00a0\u00bb header_font_size_tablet=\u00a0\u00bb40px\u00a0\u00bb header_font_size_phone=\u00a0\u00bb32px\u00a0\u00bb header_font_size_last_edited=\u00a0\u00bbon|desktop\u00a0\u00bb header_line_height=\u00a0\u00bb1.4em\u00a0\u00bb text_orientation=\u00a0\u00bbcenter\u00a0\u00bb max_width=\u00a0\u00bb700px\u00a0\u00bb module_alignment=\u00a0\u00bbcenter\u00a0\u00bb]<\/p>\n<h1>VOuS SOuHAITEZ EN SAVOiR PLUS SUR MES PRESTATIONS ?<\/h1>\n<p>N&rsquo;h\u00e9sitez pas \u00e0 aller voir sur la page d\u00e9di\u00e9e afin d&rsquo;en savoir plus sur les diff\u00e9rentes prestations que je propose.<\/p>\n<p>[\/et_pb_text][et_pb_button button_url=\u00a0\u00bbhttps:\/\/anges-de-lotus.com\/index.php\/mes-prestations\/\u00a0\u00bb button_text=\u00a0\u00bbEn SAVOiR PLUS SUR MES PRESTATIONS\u00a0\u00bb button_alignment=\u00a0\u00bbcenter\u00a0\u00bb _builder_version=\u00a0\u00bb3.22.2&Prime; custom_button=\u00a0\u00bbon\u00a0\u00bb button_text_size=\u00a0\u00bb14px\u00a0\u00bb button_text_color=\u00a0\u00bb#ffffff\u00a0\u00bb button_bg_color=\u00a0\u00bb#7f8dff\u00a0\u00bb button_border_color=\u00a0\u00bbrgba(0,0,0,0)\u00a0\u00bb button_border_radius=\u00a0\u00bb100px\u00a0\u00bb button_letter_spacing=\u00a0\u00bb2px\u00a0\u00bb button_font=\u00a0\u00bbMontserrat|||on|||||\u00a0\u00bb box_shadow_style=\u00a0\u00bbpreset3&Prime; box_shadow_color=\u00a0\u00bbrgba(127,141,255,0.4)\u00a0\u00bb custom_padding=\u00a0\u00bb16px|30px|16px|30px|true|true\u00a0\u00bb button_letter_spacing_hover=\u00a0\u00bb2px\u00a0\u00bb button_text_size__hover_enabled=\u00a0\u00bboff\u00a0\u00bb button_one_text_size__hover_enabled=\u00a0\u00bboff\u00a0\u00bb button_two_text_size__hover_enabled=\u00a0\u00bboff\u00a0\u00bb button_text_color__hover_enabled=\u00a0\u00bboff\u00a0\u00bb button_one_text_color__hover_enabled=\u00a0\u00bboff\u00a0\u00bb button_two_text_color__hover_enabled=\u00a0\u00bboff\u00a0\u00bb button_border_width__hover_enabled=\u00a0\u00bboff\u00a0\u00bb button_one_border_width__hover_enabled=\u00a0\u00bboff\u00a0\u00bb button_two_border_width__hover_enabled=\u00a0\u00bboff\u00a0\u00bb button_border_color__hover_enabled=\u00a0\u00bboff\u00a0\u00bb button_one_border_color__hover_enabled=\u00a0\u00bboff\u00a0\u00bb button_two_border_color__hover_enabled=\u00a0\u00bboff\u00a0\u00bb button_border_radius__hover_enabled=\u00a0\u00bboff\u00a0\u00bb button_one_border_radius__hover_enabled=\u00a0\u00bboff\u00a0\u00bb button_two_border_radius__hover_enabled=\u00a0\u00bboff\u00a0\u00bb button_letter_spacing__hover_enabled=\u00a0\u00bbon\u00a0\u00bb button_letter_spacing__hover=\u00a0\u00bb2px\u00a0\u00bb button_one_letter_spacing__hover_enabled=\u00a0\u00bboff\u00a0\u00bb button_two_letter_spacing__hover_enabled=\u00a0\u00bboff\u00a0\u00bb button_bg_color__hover_enabled=\u00a0\u00bboff\u00a0\u00bb button_one_bg_color__hover_enabled=\u00a0\u00bboff\u00a0\u00bb button_two_bg_color__hover_enabled=\u00a0\u00bboff\u00a0\u00bb][\/et_pb_button][\/et_pb_column][\/et_pb_row][\/et_pb_section]<\/p>\n","protected":false},"excerpt":{"rendered":"<p>Qui suis-je ? &nbsp; Bonjour, \u00a0je m\u2019appelle Richella VIRAPIN, j\u2019ai 54 ans. De l&rsquo;\u00eele de la R\u00e9union, la puissance de cette terre de m\u00e9lange et de saveurs, \u00e0 Paris, la d\u00e9couverte d&rsquo;un autre univers, le destin \u00e9tait en marche. De la comptabilit\u00e9 avec toute sa rigueur, j&rsquo;\u00e9volue aujourd&rsquo;hui dans une joie immense aupr\u00e8s des enfants [&hellip;]<\/p>\n","protected":false},"author":1,"featured_media":0,"parent":0,"menu_order":0,"comment_status":"closed","ping_status":"closed","template":"","meta":{"_et_pb_use_builder":"on","_et_pb_old_content":"","_et_gb_content_width":""},"_links":{"self":[{"href":"https:\/\/anges-de-lotus.com\/index.php\/wp-json\/wp\/v2\/pages\/86"}],"collection":[{"href":"https:\/\/anges-de-lotus.com\/index.php\/wp-json\/wp\/v2\/pages"}],"about":[{"href":"https:\/\/anges-de-lotus.com\/index.php\/wp-json\/wp\/v2\/types\/page"}],"author":[{"embeddable":true,"href":"https:\/\/anges-de-lotus.com\/index.php\/wp-json\/wp\/v2\/users\/1"}],"replies":[{"embeddable":true,"href":"https:\/\/anges-de-lotus.com\/index.php\/wp-json\/wp\/v2\/comments?post=86"}],"version-history":[{"count":20,"href":"https:\/\/anges-de-lotus.com\/index.php\/wp-json\/wp\/v2\/pages\/86\/revisions"}],"predecessor-version":[{"id":1183,"href":"https:\/\/anges-de-lotus.com\/index.php\/wp-json\/wp\/v2\/pages\/86\/revisions\/1183"}],"wp:attachment":[{"href":"https:\/\/anges-de-lotus.com\/index.php\/wp-json\/wp\/v2\/media?parent=86"}],"curies":[{"name":"wp","href":"https:\/\/api.w.org\/{rel}","templated":true}]}}