{"id":47,"date":"2017-09-05T17:11:47","date_gmt":"2017-09-05T15:11:47","guid":{"rendered":"http:\/\/anges-de-lotus.com\/?page_id=47"},"modified":"2022-03-17T18:21:54","modified_gmt":"2022-03-17T17:21:54","slug":"47-2","status":"publish","type":"page","link":"https:\/\/anges-de-lotus.com\/","title":{"rendered":"Accueil"},"content":{"rendered":"<p>[et_pb_section fb_built=\u00a0\u00bb1&Prime; inner_shadow=\u00a0\u00bbon\u00a0\u00bb _builder_version=\u00a0\u00bb3.22&Prime; background_color=\u00a0\u00bbrgba(255,255,255,0)\u00a0\u00bb transparent_background=\u00a0\u00bbon\u00a0\u00bb global_colors_info=\u00a0\u00bb{}\u00a0\u00bb][et_pb_row _builder_version=\u00a0\u00bb3.25&Prime; background_size=\u00a0\u00bbinitial\u00a0\u00bb background_position=\u00a0\u00bbtop_left\u00a0\u00bb background_repeat=\u00a0\u00bbrepeat\u00a0\u00bb width=\u00a0\u00bb817.6%\u00a0\u00bb custom_padding=\u00a0\u00bb||66px|||\u00a0\u00bb global_colors_info=\u00a0\u00bb{}\u00a0\u00bb][et_pb_column type=\u00a0\u00bb4_4&Prime; _builder_version=\u00a0\u00bb3.25&Prime; custom_padding=\u00a0\u00bb|||\u00a0\u00bb global_colors_info=\u00a0\u00bb{}\u00a0\u00bb custom_padding__hover=\u00a0\u00bb|||\u00a0\u00bb][et_pb_text admin_label=\u00a0\u00bbText\u00a0\u00bb _builder_version=\u00a0\u00bb4.14.2&Prime; background_size=\u00a0\u00bbinitial\u00a0\u00bb background_position=\u00a0\u00bbtop_left\u00a0\u00bb background_repeat=\u00a0\u00bbrepeat\u00a0\u00bb text_orientation=\u00a0\u00bbcenter\u00a0\u00bb background_layout=\u00a0\u00bbdark\u00a0\u00bb module_alignment=\u00a0\u00bbcenter\u00a0\u00bb custom_margin=\u00a0\u00bb|-281px||||\u00a0\u00bb inline_fonts=\u00a0\u00bbOranienbaum\u00a0\u00bb global_colors_info=\u00a0\u00bb{}\u00a0\u00bb]<\/p>\n<p style=\"text-align: left;\"><span style=\"font-size: xx-large; color: #fe7f6d;\"><strong><span style=\"font-family: inherit;\">\u00a0 \u00a0 \u00a0 \u00a0 \u00a0 \u00a0 ANGES DE LOTUS &#8211; ART THERAPIE EVOLUTIVE<\/span><\/strong><\/span><\/p>\n<p>[\/et_pb_text][\/et_pb_column][\/et_pb_row][et_pb_row column_structure=\u00a0\u00bb3_5,2_5&Prime; _builder_version=\u00a0\u00bb3.25&Prime; custom_padding=\u00a0\u00bb15px|||||\u00a0\u00bb global_colors_info=\u00a0\u00bb{}\u00a0\u00bb][et_pb_column type=\u00a0\u00bb3_5&Prime; _builder_version=\u00a0\u00bb3.25&Prime; custom_padding=\u00a0\u00bb|||\u00a0\u00bb global_colors_info=\u00a0\u00bb{}\u00a0\u00bb custom_padding__hover=\u00a0\u00bb|||\u00a0\u00bb][et_pb_text _builder_version=\u00a0\u00bb3.27.4&Prime; width=\u00a0\u00bb100%\u00a0\u00bb custom_padding=\u00a0\u00bb0px|0px|0px|||\u00a0\u00bb global_colors_info=\u00a0\u00bb{}\u00a0\u00bb]<\/p>\n<div style=\"text-align: center;\">\n<div>\n<p class=\"x_p1\"><span class=\"x_s1\"><\/span><\/p>\n<p class=\"x_p1\"><span style=\"font-size: large;\"><strong><span class=\"x_s1\">Que serait une vie sans partage? <\/span><\/strong><\/span><\/p>\n<p class=\"x_p1\"><span class=\"x_s1\">Lorsque nous voyons en l&rsquo;autre une infinit\u00e9 de graines, nous pouvons \u00e0 notre tour cr\u00e9er ce jardin d&rsquo;abondance. Imaginez ce lieu o\u00f9 toute la vie aurait sa place, min\u00e9raux , v\u00e9g\u00e9taux , animaux, hommes, tous rassembl\u00e9s pour un festin de lumi\u00e8re. Si chacun a son niveau fait un pas vers l&rsquo;autre ces milliers de possibles transformeraient notre terre m\u00e8re en un <strong>lieu de paix et d&rsquo;amour<\/strong>.<\/span><\/p>\n<p class=\"x_p1\"><span class=\"x_s1\">Nous pouvons aller dans cette direction car l&rsquo;amour qui vibre en nous, nous a donn\u00e9 tous les moyens d&rsquo;atteindre cette pl\u00e9nitude. <span class=\"x_Apple-converted-space\">\u00a0<\/span><\/span><\/p>\n<p class=\"x_p1\"><span class=\"x_s1\">Ce site est <strong>ce lieu o\u00f9 les tr\u00e9sors se partagent, o\u00f9 les id\u00e9es sont les bienvenues<\/strong>, o\u00f9 le lien d amour est in\u00e9puisable et o\u00f9 le seul ma\u00eetre dans cette aventure est la Divinit\u00e9<span class=\"x_Apple-converted-space\">\u00a0 <\/span>dans toute sa splendeur.<\/span><\/p>\n<p class=\"x_p1\"><span class=\"x_s1\">Un ma\u00eetre, un seul qui nous guide sur le bateau de la vie, et toute ma confiance est en lui.<\/span><\/p>\n<p class=\"x_p1\"><span class=\"x_s1\">Au service de l&rsquo;amour, tout se transforme, tout s&rsquo;\u00e9l\u00e8ve et la joie anime toutes les \u00e2mes.<\/span><\/p>\n<p class=\"x_p1\"><span class=\"x_s1\">Puissent tous les \u00eatres \u00eatre remplies de cette \u00e9nergie lib\u00e9ratrice et d abondance.<\/span><\/p>\n<p class=\"x_p1\"><strong><span class=\"x_s1\">Soyons b\u00e9nis.<\/span><\/strong><\/p>\n<\/div>\n<\/div>\n<p>[\/et_pb_text][\/et_pb_column][et_pb_column type=\u00a0\u00bb2_5&Prime; _builder_version=\u00a0\u00bb3.25&Prime; custom_padding=\u00a0\u00bb|||\u00a0\u00bb global_colors_info=\u00a0\u00bb{}\u00a0\u00bb custom_padding__hover=\u00a0\u00bb|||\u00a0\u00bb][et_pb_divider show_divider=\u00a0\u00bboff\u00a0\u00bb _builder_version=\u00a0\u00bb3.22.2&Prime; custom_padding=\u00a0\u00bb||104px|||\u00a0\u00bb global_colors_info=\u00a0\u00bb{}\u00a0\u00bb][\/et_pb_divider][et_pb_image src=\u00a0\u00bbhttps:\/\/anges-de-lotus.com\/wp-content\/uploads\/2019\/04\/Angel.H03.2k.png\u00a0\u00bb align_tablet=\u00a0\u00bbcenter\u00a0\u00bb align_phone=\u00a0\u00bbcenter\u00a0\u00bb align_last_edited=\u00a0\u00bbon|desktop\u00a0\u00bb _builder_version=\u00a0\u00bb3.23&Prime; global_colors_info=\u00a0\u00bb{}\u00a0\u00bb][\/et_pb_image][\/et_pb_column][\/et_pb_row][\/et_pb_section][et_pb_section fb_built=\u00a0\u00bb1&Prime; inner_shadow=\u00a0\u00bbon\u00a0\u00bb _builder_version=\u00a0\u00bb3.22&Prime; background_color=\u00a0\u00bbrgba(255,255,255,0)\u00a0\u00bb custom_padding=\u00a0\u00bb||0px|||\u00a0\u00bb transparent_background=\u00a0\u00bbon\u00a0\u00bb global_colors_info=\u00a0\u00bb{}\u00a0\u00bb][et_pb_row _builder_version=\u00a0\u00bb3.25&Prime; global_colors_info=\u00a0\u00bb{}\u00a0\u00bb][et_pb_column type=\u00a0\u00bb4_4&Prime; _builder_version=\u00a0\u00bb3.25&Prime; custom_padding=\u00a0\u00bb|||\u00a0\u00bb global_colors_info=\u00a0\u00bb{}\u00a0\u00bb custom_padding__hover=\u00a0\u00bb|||\u00a0\u00bb][et_pb_text _builder_version=\u00a0\u00bb3.27.4&Prime; text_font=\u00a0\u00bb|700|||||||\u00a0\u00bb text_text_color=\u00a0\u00bb#fe7f6d\u00a0\u00bb text_font_size=\u00a0\u00bb36px\u00a0\u00bb global_colors_info=\u00a0\u00bb{}\u00a0\u00bb]<\/p>\n<p style=\"text-align: center;\"><strong>Mes prestations<\/strong><\/p>\n<p>[\/et_pb_text][\/et_pb_column][\/et_pb_row][et_pb_row column_structure=\u00a0\u00bb1_2,1_2&Prime; _builder_version=\u00a0\u00bb3.25&Prime; background_size=\u00a0\u00bbinitial\u00a0\u00bb background_position=\u00a0\u00bbtop_left\u00a0\u00bb background_repeat=\u00a0\u00bbrepeat\u00a0\u00bb custom_margin=\u00a0\u00bb|27px|-36px|auto||\u00a0\u00bb custom_padding=\u00a0\u00bb25px|||||\u00a0\u00bb global_colors_info=\u00a0\u00bb{}\u00a0\u00bb][et_pb_column type=\u00a0\u00bb1_2&Prime; _builder_version=\u00a0\u00bb3.25&Prime; custom_padding=\u00a0\u00bb|||\u00a0\u00bb global_colors_info=\u00a0\u00bb{}\u00a0\u00bb custom_padding__hover=\u00a0\u00bb|||\u00a0\u00bb][et_pb_blurb title=\u00a0\u00bbART TH\u00c9RAPIE \u00c9VOLUTIVE\u00a0\u00bb url=\u00a0\u00bbhttps:\/\/anges-de-lotus.com\/index.php\/mes-prestations\/art-therapie-evolutive\/\u00a0\u00bb image=\u00a0\u00bbhttps:\/\/anges-de-lotus.com\/wp-content\/uploads\/2019\/09\/homepage-art-therapie.jpg\u00a0\u00bb image_icon_width=\u00a0\u00bbnone\u00a0\u00bb admin_label=\u00a0\u00bbBlurb\u00a0\u00bb _builder_version=\u00a0\u00bb4.13.0&Prime; background_size=\u00a0\u00bbinitial\u00a0\u00bb background_position=\u00a0\u00bbtop_left\u00a0\u00bb background_repeat=\u00a0\u00bbrepeat\u00a0\u00bb text_orientation=\u00a0\u00bbcenter\u00a0\u00bb width=\u00a0\u00bb78%\u00a0\u00bb custom_margin=\u00a0\u00bb30px|-43px|13px|58px||\u00a0\u00bb custom_padding=\u00a0\u00bb||26px|||\u00a0\u00bb image_max_width=\u00a0\u00bbnone\u00a0\u00bb global_colors_info=\u00a0\u00bb{}\u00a0\u00bb]<\/p>\n<p style=\"text-align: center;\">Exprimer ses \u00e9motions<br \/> Analyser les Symboles<br \/> Prendre conscience et int\u00e9grer<br \/> Transformation et Evolution<\/p>\n<p>[\/et_pb_blurb][et_pb_button button_url=\u00a0\u00bbhttps:\/\/anges-de-lotus.com\/index.php\/mes-prestations\/art-therapie-evolutive\/\u00a0\u00bb button_text=\u00a0\u00bbEn savoir plus\u00a0\u00bb button_alignment=\u00a0\u00bbcenter\u00a0\u00bb _builder_version=\u00a0\u00bb3.22.2&Prime; custom_button=\u00a0\u00bbon\u00a0\u00bb button_text_color=\u00a0\u00bb#f9f9f9&Prime; button_bg_color=\u00a0\u00bb#2fcad8&Prime; button_border_width=\u00a0\u00bb0px\u00a0\u00bb button_font=\u00a0\u00bb||||||||\u00a0\u00bb transform_scale=\u00a0\u00bb80%|80%\u00a0\u00bb transform_scale_last_edited=\u00a0\u00bboff|desktop\u00a0\u00bb transform_translate_last_edited=\u00a0\u00bboff|desktop\u00a0\u00bb transform_rotate_last_edited=\u00a0\u00bboff|desktop\u00a0\u00bb transform_skew_last_edited=\u00a0\u00bboff|desktop\u00a0\u00bb transform_origin_last_edited=\u00a0\u00bboff|desktop\u00a0\u00bb transform_styles_last_edited=\u00a0\u00bboff|desktop\u00a0\u00bb custom_margin=\u00a0\u00bb|||42px||\u00a0\u00bb custom_padding=\u00a0\u00bb12px|||||\u00a0\u00bb box_shadow_style=\u00a0\u00bbpreset3&Prime; box_shadow_blur=\u00a0\u00bb16px\u00a0\u00bb locked=\u00a0\u00bboff\u00a0\u00bb global_colors_info=\u00a0\u00bb{}\u00a0\u00bb][\/et_pb_button][\/et_pb_column][et_pb_column type=\u00a0\u00bb1_2&Prime; _builder_version=\u00a0\u00bb3.25&Prime; custom_padding=\u00a0\u00bb|||\u00a0\u00bb global_colors_info=\u00a0\u00bb{}\u00a0\u00bb custom_padding__hover=\u00a0\u00bb|||\u00a0\u00bb][et_pb_blurb title=\u00a0\u00bbTAROT\u00a0\u00bb url=\u00a0\u00bbhttps:\/\/anges-de-lotus.com\/index.php\/mes-prestations\/tarot\/\u00a0\u00bb image=\u00a0\u00bbhttps:\/\/anges-de-lotus.com\/wp-content\/uploads\/2019\/09\/homepage-tarot.png\u00a0\u00bb image_icon_width=\u00a0\u00bbnone\u00a0\u00bb admin_label=\u00a0\u00bbBlurb\u00a0\u00bb _builder_version=\u00a0\u00bb4.13.0&Prime; background_size=\u00a0\u00bbinitial\u00a0\u00bb background_position=\u00a0\u00bbtop_left\u00a0\u00bb background_repeat=\u00a0\u00bbrepeat\u00a0\u00bb text_orientation=\u00a0\u00bbcenter\u00a0\u00bb min_height=\u00a0\u00bb403px\u00a0\u00bb custom_margin=\u00a0\u00bb||64px|||\u00a0\u00bb custom_padding=\u00a0\u00bb30px|12px||27px||\u00a0\u00bb image_max_width=\u00a0\u00bbnone\u00a0\u00bb global_colors_info=\u00a0\u00bb{}\u00a0\u00bb]<\/p>\n<p>Introspection<br \/> D\u00e9velopper le ressenti<br \/> Transformer la vision<br \/> Inspiration<\/p>\n<p>[\/et_pb_blurb][et_pb_button button_url=\u00a0\u00bbhttps:\/\/anges-de-lotus.com\/index.php\/mes-prestations\/tarot\/\u00a0\u00bb button_text=\u00a0\u00bbEn savoir plus\u00a0\u00bb button_alignment=\u00a0\u00bbcenter\u00a0\u00bb _builder_version=\u00a0\u00bb3.22.2&Prime; custom_button=\u00a0\u00bbon\u00a0\u00bb button_text_color=\u00a0\u00bb#ffffff\u00a0\u00bb button_bg_color=\u00a0\u00bb#e05e5e\u00a0\u00bb button_border_width=\u00a0\u00bb0px\u00a0\u00bb button_font=\u00a0\u00bb||||||||\u00a0\u00bb transform_scale=\u00a0\u00bb80%|80%\u00a0\u00bb transform_scale_last_edited=\u00a0\u00bboff|desktop\u00a0\u00bb transform_translate_last_edited=\u00a0\u00bboff|desktop\u00a0\u00bb transform_rotate_last_edited=\u00a0\u00bboff|desktop\u00a0\u00bb transform_skew_last_edited=\u00a0\u00bboff|desktop\u00a0\u00bb transform_origin_last_edited=\u00a0\u00bboff|desktop\u00a0\u00bb transform_styles_last_edited=\u00a0\u00bboff|desktop\u00a0\u00bb custom_margin=\u00a0\u00bb|||42px||\u00a0\u00bb box_shadow_style=\u00a0\u00bbpreset3&Prime; box_shadow_blur=\u00a0\u00bb16px\u00a0\u00bb global_colors_info=\u00a0\u00bb{}\u00a0\u00bb][\/et_pb_button][\/et_pb_column][\/et_pb_row][et_pb_row _builder_version=\u00a0\u00bb3.25&Prime; custom_margin=\u00a0\u00bb|auto|1px|auto||\u00a0\u00bb global_colors_info=\u00a0\u00bb{}\u00a0\u00bb][et_pb_column type=\u00a0\u00bb4_4&Prime; _builder_version=\u00a0\u00bb3.25&Prime; custom_padding=\u00a0\u00bb|||\u00a0\u00bb global_colors_info=\u00a0\u00bb{}\u00a0\u00bb custom_padding__hover=\u00a0\u00bb|||\u00a0\u00bb][et_pb_divider show_divider=\u00a0\u00bboff\u00a0\u00bb _builder_version=\u00a0\u00bb3.22.2&Prime; global_colors_info=\u00a0\u00bb{}\u00a0\u00bb][\/et_pb_divider][\/et_pb_column][\/et_pb_row][et_pb_row column_structure=\u00a0\u00bb1_2,1_2&Prime; _builder_version=\u00a0\u00bb3.25&Prime; background_size=\u00a0\u00bbinitial\u00a0\u00bb background_position=\u00a0\u00bbtop_left\u00a0\u00bb background_repeat=\u00a0\u00bbrepeat\u00a0\u00bb min_height=\u00a0\u00bb572px\u00a0\u00bb custom_margin=\u00a0\u00bb|auto|-36px|auto||\u00a0\u00bb custom_padding=\u00a0\u00bb0px|||||\u00a0\u00bb global_colors_info=\u00a0\u00bb{}\u00a0\u00bb][et_pb_column type=\u00a0\u00bb1_2&Prime; _builder_version=\u00a0\u00bb3.25&Prime; custom_padding=\u00a0\u00bb|||\u00a0\u00bb global_colors_info=\u00a0\u00bb{}\u00a0\u00bb custom_padding__hover=\u00a0\u00bb|||\u00a0\u00bb][et_pb_blurb title=\u00a0\u00bbREIKI\u00a0\u00bb url=\u00a0\u00bbhttps:\/\/anges-de-lotus.com\/index.php\/mes-prestations\/reiki\/\u00a0\u00bb image=\u00a0\u00bbhttps:\/\/anges-de-lotus.com\/wp-content\/uploads\/2019\/09\/reiki-energie-1.jpg\u00a0\u00bb image_icon_width=\u00a0\u00bbnone\u00a0\u00bb admin_label=\u00a0\u00bbBlurb\u00a0\u00bb _builder_version=\u00a0\u00bb4.13.0&Prime; background_size=\u00a0\u00bbinitial\u00a0\u00bb background_position=\u00a0\u00bbtop_left\u00a0\u00bb background_repeat=\u00a0\u00bbrepeat\u00a0\u00bb text_orientation=\u00a0\u00bbcenter\u00a0\u00bb min_height=\u00a0\u00bb365px\u00a0\u00bb custom_margin=\u00a0\u00bb46px|5px|9px|58px||\u00a0\u00bb custom_padding=\u00a0\u00bb44px|0px|38px|||\u00a0\u00bb image_max_width=\u00a0\u00bbnone\u00a0\u00bb global_colors_info=\u00a0\u00bb{}\u00a0\u00bb]<\/p>\n<p style=\"text-align: center;\">Harmonisation \u00e9nerg\u00e9tique<br \/> Comprendre l\u2019\u00catre dans sa globalit\u00e9<br \/> Stimuler et donner de la force<br \/> Calmer son mental<\/p>\n<p>[\/et_pb_blurb][et_pb_button button_url=\u00a0\u00bbhttps:\/\/anges-de-lotus.com\/index.php\/mes-prestations\/reiki\/\u00a0\u00bb button_text=\u00a0\u00bbEn savoir plus\u00a0\u00bb button_alignment=\u00a0\u00bbcenter\u00a0\u00bb _builder_version=\u00a0\u00bb3.22.2&Prime; custom_button=\u00a0\u00bbon\u00a0\u00bb button_text_color=\u00a0\u00bb#f9f9f9&Prime; button_bg_color=\u00a0\u00bb#a1e81e\u00a0\u00bb button_border_width=\u00a0\u00bb0px\u00a0\u00bb button_font=\u00a0\u00bb||||||||\u00a0\u00bb transform_scale=\u00a0\u00bb80%|80%\u00a0\u00bb transform_scale_last_edited=\u00a0\u00bboff|desktop\u00a0\u00bb transform_translate_last_edited=\u00a0\u00bboff|desktop\u00a0\u00bb transform_rotate_last_edited=\u00a0\u00bboff|desktop\u00a0\u00bb transform_skew_last_edited=\u00a0\u00bboff|desktop\u00a0\u00bb transform_origin_last_edited=\u00a0\u00bboff|desktop\u00a0\u00bb transform_styles_last_edited=\u00a0\u00bboff|desktop\u00a0\u00bb custom_margin=\u00a0\u00bb||14px|42px||\u00a0\u00bb box_shadow_style=\u00a0\u00bbpreset3&Prime; box_shadow_blur=\u00a0\u00bb16px\u00a0\u00bb locked=\u00a0\u00bboff\u00a0\u00bb global_colors_info=\u00a0\u00bb{}\u00a0\u00bb][\/et_pb_button][\/et_pb_column][et_pb_column type=\u00a0\u00bb1_2&Prime; _builder_version=\u00a0\u00bb3.25&Prime; custom_padding=\u00a0\u00bb|||\u00a0\u00bb global_colors_info=\u00a0\u00bb{}\u00a0\u00bb custom_padding__hover=\u00a0\u00bb|||\u00a0\u00bb][et_pb_blurb title=\u00a0\u00bbPraticienne en Soins Ang\u00e9liques (PSA)\u00a0\u00bb url=\u00a0\u00bbhttps:\/\/anges-de-lotus.com\/index.php\/mes-prestations\/praticienne-de-soin-angelique-psa\/\u00a0\u00bb image=\u00a0\u00bbhttps:\/\/anges-de-lotus.com\/wp-content\/uploads\/2019\/09\/ps.png\u00a0\u00bb image_icon_width=\u00a0\u00bbnone\u00a0\u00bb admin_label=\u00a0\u00bbBlurb\u00a0\u00bb _builder_version=\u00a0\u00bb4.13.0&Prime; background_size=\u00a0\u00bbinitial\u00a0\u00bb background_position=\u00a0\u00bbtop_left\u00a0\u00bb background_repeat=\u00a0\u00bbrepeat\u00a0\u00bb text_orientation=\u00a0\u00bbcenter\u00a0\u00bb width=\u00a0\u00bb78.6%\u00a0\u00bb min_height=\u00a0\u00bb358px\u00a0\u00bb custom_margin=\u00a0\u00bb53px|-53px|10px|36px||\u00a0\u00bb custom_padding=\u00a0\u00bb0px||0px|||\u00a0\u00bb image_max_width=\u00a0\u00bbnone\u00a0\u00bb global_colors_info=\u00a0\u00bb{}\u00a0\u00bb]<\/p>\n<p>Prise de conscience<br \/> Transformation<br \/> Expression de Soi<br \/> Agir et Etre Amour<\/p>\n<p>[\/et_pb_blurb][et_pb_button button_url=\u00a0\u00bbhttps:\/\/anges-de-lotus.com\/index.php\/mes-prestations\/praticienne-de-soin-angelique-psa\/\u00a0\u00bb button_text=\u00a0\u00bbEn savoir plus\u00a0\u00bb button_alignment=\u00a0\u00bbcenter\u00a0\u00bb _builder_version=\u00a0\u00bb3.22.2&Prime; custom_button=\u00a0\u00bbon\u00a0\u00bb button_text_color=\u00a0\u00bb#ffffff\u00a0\u00bb button_bg_color=\u00a0\u00bb#ff6ca8&Prime; button_border_width=\u00a0\u00bb0px\u00a0\u00bb button_font=\u00a0\u00bb||||||||\u00a0\u00bb transform_scale=\u00a0\u00bb80%|80%\u00a0\u00bb transform_scale_last_edited=\u00a0\u00bboff|desktop\u00a0\u00bb transform_translate_last_edited=\u00a0\u00bboff|desktop\u00a0\u00bb transform_rotate_last_edited=\u00a0\u00bboff|desktop\u00a0\u00bb transform_skew_last_edited=\u00a0\u00bboff|desktop\u00a0\u00bb transform_origin_last_edited=\u00a0\u00bboff|desktop\u00a0\u00bb transform_styles_last_edited=\u00a0\u00bboff|desktop\u00a0\u00bb custom_margin=\u00a0\u00bb7px|||42px||\u00a0\u00bb box_shadow_style=\u00a0\u00bbpreset3&Prime; box_shadow_blur=\u00a0\u00bb16px\u00a0\u00bb global_colors_info=\u00a0\u00bb{}\u00a0\u00bb][\/et_pb_button][\/et_pb_column][\/et_pb_row][\/et_pb_section][et_pb_section fb_built=\u00a0\u00bb1&Prime; _builder_version=\u00a0\u00bb3.22.2&Prime; custom_padding=\u00a0\u00bb0px|||||\u00a0\u00bb global_colors_info=\u00a0\u00bb{}\u00a0\u00bb][\/et_pb_section]<\/p>\n","protected":false},"excerpt":{"rendered":"<p>\u00a0 \u00a0 \u00a0 \u00a0 \u00a0 \u00a0 ANGES DE LOTUS &#8211; ART THERAPIE EVOLUTIVE Que serait une vie sans partage? Lorsque nous voyons en l&rsquo;autre une infinit\u00e9 de graines, nous pouvons \u00e0 notre tour cr\u00e9er ce jardin d&rsquo;abondance. Imaginez ce lieu o\u00f9 toute la vie aurait sa place, min\u00e9raux , v\u00e9g\u00e9taux , animaux, hommes, tous rassembl\u00e9s [&hellip;]<\/p>\n","protected":false},"author":1,"featured_media":0,"parent":0,"menu_order":0,"comment_status":"closed","ping_status":"closed","template":"","meta":{"_et_pb_use_builder":"on","_et_pb_old_content":"","_et_gb_content_width":""},"_links":{"self":[{"href":"https:\/\/anges-de-lotus.com\/index.php\/wp-json\/wp\/v2\/pages\/47"}],"collection":[{"href":"https:\/\/anges-de-lotus.com\/index.php\/wp-json\/wp\/v2\/pages"}],"about":[{"href":"https:\/\/anges-de-lotus.com\/index.php\/wp-json\/wp\/v2\/types\/page"}],"author":[{"embeddable":true,"href":"https:\/\/anges-de-lotus.com\/index.php\/wp-json\/wp\/v2\/users\/1"}],"replies":[{"embeddable":true,"href":"https:\/\/anges-de-lotus.com\/index.php\/wp-json\/wp\/v2\/comments?post=47"}],"version-history":[{"count":43,"href":"https:\/\/anges-de-lotus.com\/index.php\/wp-json\/wp\/v2\/pages\/47\/revisions"}],"predecessor-version":[{"id":1275,"href":"https:\/\/anges-de-lotus.com\/index.php\/wp-json\/wp\/v2\/pages\/47\/revisions\/1275"}],"wp:attachment":[{"href":"https:\/\/anges-de-lotus.com\/index.php\/wp-json\/wp\/v2\/media?parent=47"}],"curies":[{"name":"wp","href":"https:\/\/api.w.org\/{rel}","templated":true}]}}