{"id":437,"date":"2019-06-20T19:00:08","date_gmt":"2019-06-20T17:00:08","guid":{"rendered":"https:\/\/anges-de-lotus.com\/?page_id=437"},"modified":"2021-10-19T12:18:09","modified_gmt":"2021-10-19T10:18:09","slug":"reiki","status":"publish","type":"page","link":"https:\/\/anges-de-lotus.com\/index.php\/mes-prestations\/reiki\/","title":{"rendered":"Reiki"},"content":{"rendered":"<p>[et_pb_section fb_built=\u00a0\u00bb1&Prime; admin_label=\u00a0\u00bbAbout Us \u00a0\u00bb _builder_version=\u00a0\u00bb3.22&Prime; custom_padding=\u00a0\u00bb0px|0px|28px|0px||\u00a0\u00bb][et_pb_row custom_padding=\u00a0\u00bb|||\u00a0\u00bb custom_margin=\u00a0\u00bb|||\u00a0\u00bb use_background_color_gradient_1=\u00a0\u00bboff\u00a0\u00bb use_background_color_gradient_2=\u00a0\u00bbon\u00a0\u00bb background_color_gradient_start_1=\u00a0\u00bb#ff6a88&Prime; background_color_gradient_start_2=\u00a0\u00bb#9599e2&Prime; background_color_gradient_end_1=\u00a0\u00bb#ff99ac\u00a0\u00bb background_color_gradient_end_2=\u00a0\u00bb#8bc6ec\u00a0\u00bb background_color_gradient_direction_1=\u00a0\u00bb35deg\u00a0\u00bb background_color_gradient_direction_2=\u00a0\u00bb115deg\u00a0\u00bb background_color_gradient_end_position_1=\u00a0\u00bb100%\u00a0\u00bb padding_right_1=\u00a0\u00bb60px\u00a0\u00bb _builder_version=\u00a0\u00bb3.22&Prime; module_alignment=\u00a0\u00bbcenter\u00a0\u00bb][et_pb_column type=\u00a0\u00bb4_4&Prime; _builder_version=\u00a0\u00bb3.0.47&Prime;][et_pb_text _builder_version=\u00a0\u00bb3.0.83&Prime; text_font=\u00a0\u00bb||||||||\u00a0\u00bb header_font=\u00a0\u00bb||||||||\u00a0\u00bb header_text_align=\u00a0\u00bbleft\u00a0\u00bb header_text_color=\u00a0\u00bb#2b2b2b\u00a0\u00bb header_line_height=\u00a0\u00bb1.3em\u00a0\u00bb header_2_font=\u00a0\u00bbPlayfair Display|700|||||||\u00a0\u00bb header_2_text_align=\u00a0\u00bbleft\u00a0\u00bb header_2_text_color=\u00a0\u00bb#2b2b2b\u00a0\u00bb header_2_font_size=\u00a0\u00bb42px\u00a0\u00bb header_2_line_height=\u00a0\u00bb1.5em\u00a0\u00bb text_orientation=\u00a0\u00bbcenter\u00a0\u00bb module_alignment=\u00a0\u00bbcenter\u00a0\u00bb custom_margin=\u00a0\u00bb||10px|\u00a0\u00bb]<\/p>\n<h2>REIKI<\/h2>\n<p>[\/et_pb_text][et_pb_divider color=\u00a0\u00bb#f7d584&Prime; divider_weight=\u00a0\u00bb3px\u00a0\u00bb disabled_on=\u00a0\u00bbon|on|off\u00a0\u00bb _builder_version=\u00a0\u00bb3.2&Prime; max_width=\u00a0\u00bb80px\u00a0\u00bb module_alignment=\u00a0\u00bbleft\u00a0\u00bb height=\u00a0\u00bb10px\u00a0\u00bb custom_margin=\u00a0\u00bb||20px|\u00a0\u00bb animation_style=\u00a0\u00bbslide\u00a0\u00bb animation_direction=\u00a0\u00bbbottom\u00a0\u00bb saved_tabs=\u00a0\u00bball\u00a0\u00bb locked=\u00a0\u00bboff\u00a0\u00bb][\/et_pb_divider][et_pb_text _builder_version=\u00a0\u00bb3.0.83&Prime; text_font=\u00a0\u00bbPoppins||||||||\u00a0\u00bb text_text_color=\u00a0\u00bbrgba(0,0,0,0.4)\u00a0\u00bb text_font_size=\u00a0\u00bb16px\u00a0\u00bb text_line_height=\u00a0\u00bb1.9em\u00a0\u00bb header_font=\u00a0\u00bb||||||||\u00a0\u00bb header_2_font=\u00a0\u00bb||||||||\u00a0\u00bb module_alignment=\u00a0\u00bbcenter\u00a0\u00bb custom_margin=\u00a0\u00bb||30px|\u00a0\u00bb custom_padding=\u00a0\u00bb|0px||||\u00a0\u00bb]<\/p>\n<p>Le Reiki est une th\u00e9rapie holistique \u00e9nerg\u00e9tique japonaise du d\u00e9but du XXe si\u00e8cle fond\u00e9e par Mikao usui qui l\u2019aurait re\u00e7u en r\u00e9v\u00e9lation lors d\u2019une exp\u00e9rience d\u2019\u00e9veil spirituel. Reiki veut dire Energie Universelle de Vie, cette \u00e9nergie vitale se trouve partout et en tout. L\u2019harmonisation \u00e9nerg\u00e9tique est faite par imposition des mains sur le corps au-dessus des organes vitaux et des centres \u00e9nerg\u00e9tiques majeurs (Chakras, la personne reste habill\u00e9e). L\u2019utilisation de symboles re\u00e7ue lors de l&rsquo;initiation au 2e degr\u00e9, renforce et approfondit les effets. Le Reiki est\u00a0une technique qui dynamise et apporte un \u00e9quilibre au corps et \u00e0 l\u2019esprit. Cette \u00e9nergie universelle ajuste et \u00e9quilibre exactement o\u00f9 se trouve la difficult\u00e9. Pendant les s\u00e9ances certaines personnes ressentent une sensation de chaleur et peuvent recevoir des images, des messages. Le Reiki est un compl\u00e9ment pour l&rsquo;auto gu\u00e9rison, est compatible avec les th\u00e9rapies mais ne peut en aucun cas se substituer \u00e0 la m\u00e9decine traditionnelle.<\/p>\n<p>[\/et_pb_text][\/et_pb_column][\/et_pb_row][\/et_pb_section][et_pb_section fb_built=\u00a0\u00bb1&Prime; admin_label=\u00a0\u00bbSale &#038; Featured\u00a0\u00bb _builder_version=\u00a0\u00bb3.22&Prime; background_position=\u00a0\u00bbtop_right\u00a0\u00bb][et_pb_row _builder_version=\u00a0\u00bb3.22&Prime;][et_pb_column type=\u00a0\u00bb4_4&Prime; _builder_version=\u00a0\u00bb3.0.47&Prime;][et_pb_text _builder_version=\u00a0\u00bb3.0.83&Prime; text_font=\u00a0\u00bb||||||||\u00a0\u00bb header_font=\u00a0\u00bb||||||||\u00a0\u00bb header_2_font=\u00a0\u00bbPlayfair Display|700|||||||\u00a0\u00bb header_2_text_align=\u00a0\u00bbcenter\u00a0\u00bb header_2_text_color=\u00a0\u00bb#2b2b2b\u00a0\u00bb header_2_font_size=\u00a0\u00bb42px\u00a0\u00bb header_2_line_height=\u00a0\u00bb1.5em\u00a0\u00bb text_orientation=\u00a0\u00bbcenter\u00a0\u00bb module_alignment=\u00a0\u00bbcenter\u00a0\u00bb custom_margin=\u00a0\u00bb||10px|\u00a0\u00bb locked=\u00a0\u00bboff\u00a0\u00bb]<\/p>\n<h2>LES BIENFAITS Du REIKI<\/h2>\n<p>[\/et_pb_text][et_pb_divider color=\u00a0\u00bb#f7d584&Prime; divider_weight=\u00a0\u00bb3px\u00a0\u00bb disabled_on=\u00a0\u00bbon|on|off\u00a0\u00bb _builder_version=\u00a0\u00bb3.2&Prime; max_width=\u00a0\u00bb80px\u00a0\u00bb module_alignment=\u00a0\u00bbcenter\u00a0\u00bb height=\u00a0\u00bb10px\u00a0\u00bb custom_margin=\u00a0\u00bb||20px|\u00a0\u00bb animation_style=\u00a0\u00bbslide\u00a0\u00bb animation_direction=\u00a0\u00bbbottom\u00a0\u00bb saved_tabs=\u00a0\u00bball\u00a0\u00bb locked=\u00a0\u00bboff\u00a0\u00bb][\/et_pb_divider][et_pb_text _builder_version=\u00a0\u00bb3.0.83&Prime; text_font=\u00a0\u00bbPoppins||||||||\u00a0\u00bb text_text_color=\u00a0\u00bbrgba(0,0,0,0.4)\u00a0\u00bb text_font_size=\u00a0\u00bb16px\u00a0\u00bb text_line_height=\u00a0\u00bb1.9em\u00a0\u00bb header_font=\u00a0\u00bb||||||||\u00a0\u00bb header_2_font=\u00a0\u00bb||||||||\u00a0\u00bb text_orientation=\u00a0\u00bbcenter\u00a0\u00bb max_width=\u00a0\u00bb700px\u00a0\u00bb module_alignment=\u00a0\u00bbcenter\u00a0\u00bb]<\/p>\n<p>Les bienfaits du Reiki\u00a0: renforce le syst\u00e8me \u00e9nerg\u00e9tique, \u00e9quilibre le physique, le psychique et l\u2019\u00e9motionnel, r\u00e9duit la fatigue, apporte un bien-\u00eatre. Il r\u00e9\u00e9quilibre l\u2019\u00eatre dans sa globalit\u00e9.<\/p>\n<p>[\/et_pb_text][\/et_pb_column][\/et_pb_row][et_pb_row use_custom_gutter=\u00a0\u00bbon\u00a0\u00bb gutter_width=\u00a0\u00bb2&Prime; _builder_version=\u00a0\u00bb3.22&Prime; locked=\u00a0\u00bboff\u00a0\u00bb][et_pb_column type=\u00a0\u00bb1_4&Prime; _builder_version=\u00a0\u00bb3.0.47&Prime;][et_pb_image src=\u00a0\u00bbhttps:\/\/anges-de-lotus.com\/wp-content\/uploads\/2019\/09\/reiki-energie.jpg\u00a0\u00bb _builder_version=\u00a0\u00bb3.22.2&Prime; custom_margin=\u00a0\u00bb||30px|||\u00a0\u00bb animation_style=\u00a0\u00bbfade\u00a0\u00bb][\/et_pb_image][et_pb_text _builder_version=\u00a0\u00bb3.22.2&Prime; text_font=\u00a0\u00bbPoppins|500|||||||\u00a0\u00bb text_text_color=\u00a0\u00bb#1b1b21&Prime; locked=\u00a0\u00bboff\u00a0\u00bb]<\/p>\n<p>Harmonisation \u00e9nerg\u00e9tique<\/p>\n<p>[\/et_pb_text][\/et_pb_column][et_pb_column type=\u00a0\u00bb1_4&Prime; _builder_version=\u00a0\u00bb3.0.47&Prime;][et_pb_image src=\u00a0\u00bbhttps:\/\/anges-de-lotus.com\/wp-content\/uploads\/2019\/09\/reiki-comprendre-1.jpg\u00a0\u00bb _builder_version=\u00a0\u00bb3.22.2&Prime; animation_style=\u00a0\u00bbfade\u00a0\u00bb animation_delay=\u00a0\u00bb100ms\u00a0\u00bb][\/et_pb_image][et_pb_text _builder_version=\u00a0\u00bb3.22.2&Prime; text_font=\u00a0\u00bbPoppins|500|||||||\u00a0\u00bb text_text_color=\u00a0\u00bb#1b1b21&Prime; locked=\u00a0\u00bboff\u00a0\u00bb]<\/p>\n<p>Comprendre l\u2019\u00eatre dans sa globalit\u00e9<\/p>\n<p>[\/et_pb_text][\/et_pb_column][et_pb_column type=\u00a0\u00bb1_4&Prime; _builder_version=\u00a0\u00bb3.0.47&Prime;][et_pb_image src=\u00a0\u00bbhttps:\/\/anges-de-lotus.com\/wp-content\/uploads\/2019\/09\/reiki-stimuler-1.jpg\u00a0\u00bb _builder_version=\u00a0\u00bb3.22.2&Prime; use_background_color_gradient=\u00a0\u00bbon\u00a0\u00bb background_color_gradient_start=\u00a0\u00bb#ff6a88&Prime; background_color_gradient_end=\u00a0\u00bb#ff99ac\u00a0\u00bb background_color_gradient_direction=\u00a0\u00bb9deg\u00a0\u00bb custom_margin=\u00a0\u00bb||37px|||\u00a0\u00bb animation_style=\u00a0\u00bbfade\u00a0\u00bb animation_delay=\u00a0\u00bb200ms\u00a0\u00bb][\/et_pb_image][et_pb_text _builder_version=\u00a0\u00bb3.22.2&Prime; text_font=\u00a0\u00bbPoppins|500|||||||\u00a0\u00bb text_text_color=\u00a0\u00bb#1b1b21&Prime; locked=\u00a0\u00bboff\u00a0\u00bb]<\/p>\n<p>Stimuler et donner de la force<\/p>\n<p>[\/et_pb_text][\/et_pb_column][et_pb_column type=\u00a0\u00bb1_4&Prime; _builder_version=\u00a0\u00bb3.0.47&Prime;][et_pb_image src=\u00a0\u00bbhttps:\/\/anges-de-lotus.com\/wp-content\/uploads\/2019\/09\/reiki-mental-1.jpg\u00a0\u00bb _builder_version=\u00a0\u00bb3.22.2&Prime; use_background_color_gradient=\u00a0\u00bbon\u00a0\u00bb background_color_gradient_start=\u00a0\u00bb#ff6a88&Prime; background_color_gradient_end=\u00a0\u00bb#ff99ac\u00a0\u00bb background_color_gradient_direction=\u00a0\u00bb9deg\u00a0\u00bb animation_style=\u00a0\u00bbfade\u00a0\u00bb animation_delay=\u00a0\u00bb200ms\u00a0\u00bb][\/et_pb_image][et_pb_text _builder_version=\u00a0\u00bb3.22.2&Prime; text_font=\u00a0\u00bbPoppins|500|||||||\u00a0\u00bb text_text_color=\u00a0\u00bb#1b1b21&Prime; locked=\u00a0\u00bboff\u00a0\u00bb]<\/p>\n<p>Calmer son mental<\/p>\n<p>[\/et_pb_text][\/et_pb_column][\/et_pb_row][\/et_pb_section][et_pb_section fb_built=\u00a0\u00bb1&Prime; _builder_version=\u00a0\u00bb3.22.2&Prime;][et_pb_row _builder_version=\u00a0\u00bb3.22.2&Prime;][et_pb_column type=\u00a0\u00bb4_4&Prime; _builder_version=\u00a0\u00bb3.22.2&Prime;][et_pb_text _builder_version=\u00a0\u00bb3.22.2&Prime; text_font=\u00a0\u00bb||||||||\u00a0\u00bb text_text_color=\u00a0\u00bbrgba(0,0,0,0.63)\u00a0\u00bb]<\/p>\n<h2 style=\"text-align: center;\"><strong>Tarif\u00a060 \u20ac &#8211; 1h De Consultation \u00e0 mon domicile<\/strong><\/h2>\n<p style=\"text-align: center;\"><em><strong>Paiement par Paypal ou Lydia<\/strong><\/em><\/p>\n<p>[\/et_pb_text][\/et_pb_column][\/et_pb_row][\/et_pb_section][et_pb_section fb_built=\u00a0\u00bb1&Prime; _builder_version=\u00a0\u00bb3.22&Prime; use_background_color_gradient=\u00a0\u00bbon\u00a0\u00bb background_color_gradient_start=\u00a0\u00bbrgba(255,255,255,0.5)\u00a0\u00bb background_color_gradient_end=\u00a0\u00bb#ffffff\u00a0\u00bb background_color_gradient_overlays_image=\u00a0\u00bbon\u00a0\u00bb background_image=\u00a0\u00bbhttps:\/\/anges-de-lotus.com\/wp-content\/uploads\/2019\/06\/therapist-02.png\u00a0\u00bb custom_margin=\u00a0\u00bb||||false\u00a0\u00bb custom_padding=\u00a0\u00bb14vw||4vw||false|false\u00a0\u00bb locked=\u00a0\u00bboff\u00a0\u00bb][et_pb_row _builder_version=\u00a0\u00bb3.22&Prime; animation_style=\u00a0\u00bbfade\u00a0\u00bb][et_pb_column type=\u00a0\u00bb4_4&Prime; _builder_version=\u00a0\u00bb3.10&Prime;][et_pb_text _builder_version=\u00a0\u00bb3.22.2&Prime; text_font=\u00a0\u00bb||||||||\u00a0\u00bb text_font_size=\u00a0\u00bb18px\u00a0\u00bb text_line_height=\u00a0\u00bb2em\u00a0\u00bb header_font=\u00a0\u00bbMontserrat|300|||||||\u00a0\u00bb header_font_size=\u00a0\u00bb50px\u00a0\u00bb header_font_size_tablet=\u00a0\u00bb40px\u00a0\u00bb header_font_size_phone=\u00a0\u00bb32px\u00a0\u00bb header_font_size_last_edited=\u00a0\u00bbon|desktop\u00a0\u00bb header_line_height=\u00a0\u00bb1.4em\u00a0\u00bb text_orientation=\u00a0\u00bbcenter\u00a0\u00bb max_width=\u00a0\u00bb700px\u00a0\u00bb module_alignment=\u00a0\u00bbcenter\u00a0\u00bb]<\/p>\n<h1>VOuS \u00caTES INTERESSE PAR UNE PRESTATION DE REIKI ?<\/h1>\n<p>N&rsquo;h\u00e9sitez pas \u00e0 me contacter directement afin d&rsquo;avoir un premier \u00e9change, et par la suite prendre un rendez-vous.<\/p>\n<p>[\/et_pb_text][et_pb_button button_url=\u00a0\u00bbhttps:\/\/anges-de-lotus.com\/index.php\/accueil\/\u00a0\u00bb button_text=\u00a0\u00bbPrendre rendez-vous\u00a0\u00bb button_alignment=\u00a0\u00bbcenter\u00a0\u00bb _builder_version=\u00a0\u00bb3.22.2&Prime; custom_button=\u00a0\u00bbon\u00a0\u00bb button_text_size=\u00a0\u00bb14px\u00a0\u00bb button_text_color=\u00a0\u00bb#ffffff\u00a0\u00bb button_bg_color=\u00a0\u00bb#7f8dff\u00a0\u00bb button_border_color=\u00a0\u00bbrgba(0,0,0,0)\u00a0\u00bb button_border_radius=\u00a0\u00bb100px\u00a0\u00bb button_letter_spacing=\u00a0\u00bb2px\u00a0\u00bb button_font=\u00a0\u00bbMontserrat|||on|||||\u00a0\u00bb box_shadow_style=\u00a0\u00bbpreset3&Prime; box_shadow_color=\u00a0\u00bbrgba(127,141,255,0.4)\u00a0\u00bb custom_padding=\u00a0\u00bb16px|30px|16px|30px|true|true\u00a0\u00bb button_letter_spacing_hover=\u00a0\u00bb2px\u00a0\u00bb button_text_size__hover_enabled=\u00a0\u00bboff\u00a0\u00bb button_one_text_size__hover_enabled=\u00a0\u00bboff\u00a0\u00bb button_two_text_size__hover_enabled=\u00a0\u00bboff\u00a0\u00bb button_text_color__hover_enabled=\u00a0\u00bboff\u00a0\u00bb button_one_text_color__hover_enabled=\u00a0\u00bboff\u00a0\u00bb button_two_text_color__hover_enabled=\u00a0\u00bboff\u00a0\u00bb button_border_width__hover_enabled=\u00a0\u00bboff\u00a0\u00bb button_one_border_width__hover_enabled=\u00a0\u00bboff\u00a0\u00bb button_two_border_width__hover_enabled=\u00a0\u00bboff\u00a0\u00bb button_border_color__hover_enabled=\u00a0\u00bboff\u00a0\u00bb button_one_border_color__hover_enabled=\u00a0\u00bboff\u00a0\u00bb button_two_border_color__hover_enabled=\u00a0\u00bboff\u00a0\u00bb button_border_radius__hover_enabled=\u00a0\u00bboff\u00a0\u00bb button_one_border_radius__hover_enabled=\u00a0\u00bboff\u00a0\u00bb button_two_border_radius__hover_enabled=\u00a0\u00bboff\u00a0\u00bb button_letter_spacing__hover_enabled=\u00a0\u00bbon\u00a0\u00bb button_letter_spacing__hover=\u00a0\u00bb2px\u00a0\u00bb button_one_letter_spacing__hover_enabled=\u00a0\u00bboff\u00a0\u00bb button_two_letter_spacing__hover_enabled=\u00a0\u00bboff\u00a0\u00bb button_bg_color__hover_enabled=\u00a0\u00bboff\u00a0\u00bb button_one_bg_color__hover_enabled=\u00a0\u00bboff\u00a0\u00bb button_two_bg_color__hover_enabled=\u00a0\u00bboff\u00a0\u00bb][\/et_pb_button][\/et_pb_column][\/et_pb_row][\/et_pb_section]<\/p>\n","protected":false},"excerpt":{"rendered":"<p>REIKILe Reiki est une th\u00e9rapie holistique \u00e9nerg\u00e9tique japonaise du d\u00e9but du XXe si\u00e8cle fond\u00e9e par Mikao usui qui l\u2019aurait re\u00e7u en r\u00e9v\u00e9lation lors d\u2019une exp\u00e9rience d\u2019\u00e9veil spirituel. Reiki veut dire Energie Universelle de Vie, cette \u00e9nergie vitale se trouve partout et en tout. L\u2019harmonisation \u00e9nerg\u00e9tique est faite par imposition des mains sur le corps au-dessus [&hellip;]<\/p>\n","protected":false},"author":1,"featured_media":0,"parent":442,"menu_order":3,"comment_status":"closed","ping_status":"closed","template":"","meta":{"_et_pb_use_builder":"on","_et_pb_old_content":"","_et_gb_content_width":""},"_links":{"self":[{"href":"https:\/\/anges-de-lotus.com\/index.php\/wp-json\/wp\/v2\/pages\/437"}],"collection":[{"href":"https:\/\/anges-de-lotus.com\/index.php\/wp-json\/wp\/v2\/pages"}],"about":[{"href":"https:\/\/anges-de-lotus.com\/index.php\/wp-json\/wp\/v2\/types\/page"}],"author":[{"embeddable":true,"href":"https:\/\/anges-de-lotus.com\/index.php\/wp-json\/wp\/v2\/users\/1"}],"replies":[{"embeddable":true,"href":"https:\/\/anges-de-lotus.com\/index.php\/wp-json\/wp\/v2\/comments?post=437"}],"version-history":[{"count":9,"href":"https:\/\/anges-de-lotus.com\/index.php\/wp-json\/wp\/v2\/pages\/437\/revisions"}],"predecessor-version":[{"id":1181,"href":"https:\/\/anges-de-lotus.com\/index.php\/wp-json\/wp\/v2\/pages\/437\/revisions\/1181"}],"up":[{"embeddable":true,"href":"https:\/\/anges-de-lotus.com\/index.php\/wp-json\/wp\/v2\/pages\/442"}],"wp:attachment":[{"href":"https:\/\/anges-de-lotus.com\/index.php\/wp-json\/wp\/v2\/media?parent=437"}],"curies":[{"name":"wp","href":"https:\/\/api.w.org\/{rel}","templated":true}]}}